{"id":3055,"date":"2024-12-09T09:18:52","date_gmt":"2024-12-09T09:18:52","guid":{"rendered":"https:\/\/haitiansmart.com\/ga-series-suspended-type\/"},"modified":"2026-03-05T13:18:11","modified_gmt":"2026-03-05T13:18:11","slug":"ga-series-suspended-type","status":"publish","type":"page","link":"https:\/\/haitiansmart.com\/de\/ga-series-suspended-type\/","title":{"rendered":"GA-Serie &#8211; H\u00e4ngende Ausf\u00fchrung"},"content":{"rendered":"<p>[et_pb_section fb_built=&#8220;1&#8243; fullwidth=&#8220;on&#8220; module_class=&#8220;teaser-product-divided&#8220; _builder_version=&#8220;4.27.4&#8243; _module_preset=&#8220;default&#8220; global_colors_info=&#8220;{}&#8220;][et_pb_fullwidth_header title=&#8220;GA Serie &#8220; subhead=&#8220;40 &#8211; 2800 t IMM&#8220; text_orientation=&#8220;right&#8220; logo_image_url=&#8220;https:\/\/haitiansmart.com\/wp-content\/uploads\/sites\/6\/2025\/01\/G-Vignetten-Smart-50px.png&#8220; header_image_url=&#8220;https:\/\/haitiansmart.com\/wp-content\/uploads\/sites\/6\/2026\/03\/GA-Series_1240x1240-1.png&#8220; _builder_version=&#8220;4.27.4&#8243; _module_preset=&#8220;default&#8220; background_enable_color=&#8220;off&#8220; global_colors_info=&#8220;{}&#8220;]<\/p>\n<p>Die Grat-Serie, die extrem kosteng\u00fcnstig ist<\/p>\n<p>[\/et_pb_fullwidth_header][\/et_pb_section][et_pb_section fb_built=&#8220;1&#8243; _builder_version=&#8220;4.27.4&#8243; _module_preset=&#8220;default&#8220; locked=&#8220;off&#8220; global_colors_info=&#8220;{}&#8220;][et_pb_row admin_label=&#8220;Reihe&#8220; _builder_version=&#8220;4.23.1&#8243; _module_preset=&#8220;default&#8220; global_colors_info=&#8220;{}&#8220;][et_pb_column type=&#8220;4_4&#8243; _builder_version=&#8220;4.23.1&#8243; _module_preset=&#8220;default&#8220; global_colors_info=&#8220;{}&#8220;][et_pb_text _builder_version=&#8220;4.27.4&#8243; _module_preset=&#8220;default&#8220; global_colors_info=&#8220;{}&#8220;]<\/p>\n<h1 class=\"et_pb_module_header\" style=\"text-align: center\">GA-Serie<\/h1>\n<p>[\/et_pb_text][\/et_pb_column][\/et_pb_row][et_pb_row module_class=&#8220;row-text-center noPadding-top&#8220; _builder_version=&#8220;4.25.1&#8243; _module_preset=&#8220;default&#8220; global_colors_info=&#8220;{}&#8220;][et_pb_column type=&#8220;4_4&#8243; _builder_version=&#8220;4.23.1&#8243; _module_preset=&#8220;default&#8220; global_colors_info=&#8220;{}&#8220;][et_pb_text _builder_version=&#8220;4.27.4&#8243; _module_preset=&#8220;default&#8220; global_colors_info=&#8220;{}&#8220;]<\/p>\n<h5 data-pm-slice=\"1 1 []\">Die GA-Serie deckt mit ihrem ausgezeichneten Preis-Leistungs-Verh\u00e4ltnis alle Grundlagen ab und ist f\u00fcr alle Anwendungsszenarien geeignet.<\/h5>\n<p>[\/et_pb_text][\/et_pb_column][\/et_pb_row][et_pb_row column_structure=&#8220;1_3,1_3,1_3&#8243; module_class=&#8220;product-icons&#8220; _builder_version=&#8220;4.27.4&#8243; _module_preset=&#8220;default&#8220; width=&#8220;50%&#8220; width_tablet=&#8220;100%&#8220; width_phone=&#8220;100%&#8220; width_last_edited=&#8220;on|tablet&#8220; global_colors_info=&#8220;{}&#8220;][et_pb_column type=&#8220;1_3&#8243; _builder_version=&#8220;4.23.1&#8243; _module_preset=&#8220;default&#8220; global_colors_info=&#8220;{}&#8220;][et_pb_blurb title=&#8220;Genauigkeit der Wiederholung der Positionierung&#8220; image=&#8220;https:\/\/haitiansmart.com\/wp-content\/uploads\/sites\/6\/2025\/01\/Repeatability.png&#8220; _builder_version=&#8220;4.27.4&#8243; _module_preset=&#8220;default&#8220; header_level=&#8220;h6&#8243; global_colors_info=&#8220;{}&#8220;]<\/p>\n<p class=\"p1\">\u00b1 0,1 mm<\/p>\n<p>[\/et_pb_blurb][\/et_pb_column][et_pb_column type=&#8220;1_3&#8243; _builder_version=&#8220;4.23.1&#8243; _module_preset=&#8220;default&#8220; global_colors_info=&#8220;{}&#8220;][et_pb_blurb title=&#8220;Minimale Abholzeit&#8220; image=&#8220;https:\/\/haitiansmart.com\/wp-content\/uploads\/sites\/6\/2025\/01\/Cycletime.png&#8220; _builder_version=&#8220;4.27.4&#8243; _module_preset=&#8220;default&#8220; header_level=&#8220;h6&#8243; global_colors_info=&#8220;{}&#8220;]<\/p>\n<p>1.2 &#8211; 5.9 s<\/p>\n<p>[\/et_pb_blurb][\/et_pb_column][et_pb_column type=&#8220;1_3&#8243; _builder_version=&#8220;4.23.1&#8243; _module_preset=&#8220;default&#8220; global_colors_info=&#8220;{}&#8220;][et_pb_blurb title=&#8220;Maximale Belastung (einschlie\u00dflich Halterung)&#8220; image=&#8220;https:\/\/haitiansmart.com\/wp-content\/uploads\/sites\/6\/2025\/01\/MaxLoad.png&#8220; _builder_version=&#8220;4.27.4&#8243; _module_preset=&#8220;default&#8220; header_level=&#8220;h6&#8243; global_colors_info=&#8220;{}&#8220;]<\/p>\n<p>4 &#8211; 40 kg<\/p>\n<p>[\/et_pb_blurb][\/et_pb_column][\/et_pb_row][\/et_pb_section][et_pb_section fb_built=&#8220;1&#8243; module_class=&#8220;section-slider-image-text&#8220; _builder_version=&#8220;4.23.1&#8243; _module_preset=&#8220;default&#8220; global_colors_info=&#8220;{}&#8220;][et_pb_row _builder_version=&#8220;4.23.1&#8243; _module_preset=&#8220;default&#8220; global_colors_info=&#8220;{}&#8220;][et_pb_column type=&#8220;4_4&#8243; _builder_version=&#8220;4.23.1&#8243; _module_preset=&#8220;default&#8220; global_colors_info=&#8220;{}&#8220;][et_pb_image src=&#8220;https:\/\/haitiansmart.com\/wp-content\/uploads\/sites\/6\/2025\/01\/G-Vignetten-Smart-50px.png&#8220; title_text=&#8220;G Vignetten Smart 50px&#8220; module_class=&#8220;product-icon&#8220; _builder_version=&#8220;4.27.4&#8243; _module_preset=&#8220;default&#8220; global_colors_info=&#8220;{}&#8220;][\/et_pb_image][et_pb_text _builder_version=&#8220;4.27.4&#8243; _module_preset=&#8220;default&#8220; global_colors_info=&#8220;{}&#8220;]<\/p>\n<h3>H\u00f6hepunkte<\/h3>\n<p>[\/et_pb_text][\/et_pb_column][\/et_pb_row][et_pb_row _builder_version=&#8220;4.23.1&#8243; _module_preset=&#8220;default&#8220; global_colors_info=&#8220;{}&#8220;][et_pb_column type=&#8220;4_4&#8243; _builder_version=&#8220;4.23.1&#8243; _module_preset=&#8220;default&#8220; global_colors_info=&#8220;{}&#8220;][et_pb_slider show_image_video_mobile=&#8220;on&#8220; _builder_version=&#8220;4.27.4&#8243; _module_preset=&#8220;default&#8220; global_colors_info=&#8220;{}&#8220;][et_pb_slide heading=&#8220;Ether-Link&#8220; image=&#8220;https:\/\/haitiansmart.com\/wp-content\/uploads\/sites\/6\/2026\/03\/ca68232f-5b60-4bb5-ab93-2900817fc110.jpg&#8220; use_bg_overlay=&#8220;off&#8220; use_text_overlay=&#8220;off&#8220; _builder_version=&#8220;4.27.4&#8243; _module_preset=&#8220;default&#8220; header_level=&#8220;h4&#8243; background_enable_color=&#8220;off&#8220; background_enable_image=&#8220;off&#8220; background_layout=&#8220;light&#8220; global_colors_info=&#8220;{}&#8220; sticky_transition=&#8220;on&#8220;]<\/p>\n<p>Das von uns entwickelte Steuerungssystem l\u00e4sst sich nahtlos in die Steuerungen der Spritzgie\u00dfmaschinen integrieren und bietet eine benutzerfreundliche Bedienung.<\/p>\n<p>[\/et_pb_slide][et_pb_slide heading=&#8220;Programm-Denken&#8220; image=&#8220;https:\/\/haitiansmart.com\/wp-content\/uploads\/sites\/6\/2026\/03\/c30016b9-f5e6-4742-a270-f899dc779285.jpg&#8220; use_bg_overlay=&#8220;off&#8220; use_text_overlay=&#8220;off&#8220; _builder_version=&#8220;4.27.4&#8243; _module_preset=&#8220;default&#8220; header_level=&#8220;h4&#8243; background_enable_color=&#8220;off&#8220; background_enable_image=&#8220;off&#8220; background_layout=&#8220;light&#8220; global_colors_info=&#8220;{}&#8220; sticky_transition=&#8220;on&#8220;]<\/p>\n<p>Schaffen Sie eine maschinenseitige Automatisierungsumgebung f\u00fcr eine effiziente Ressourcenzuweisung.<\/p>\n<p>[\/et_pb_slide][et_pb_slide heading=&#8220;Model-pick &#8220; image=&#8220;https:\/\/haitiansmart.com\/wp-content\/uploads\/sites\/6\/2026\/03\/Model-pick_1040x640.jpg&#8220; use_bg_overlay=&#8220;off&#8220; use_text_overlay=&#8220;off&#8220; _builder_version=&#8220;4.27.4&#8243; _module_preset=&#8220;default&#8220; header_level=&#8220;h4&#8243; background_enable_color=&#8220;off&#8220; background_enable_image=&#8220;off&#8220; background_layout=&#8220;light&#8220; global_colors_info=&#8220;{}&#8220; sticky_transition=&#8220;on&#8220;]<\/p>\n<p>Flexible und komplexe Modi erm\u00f6glichen es dem Bediener, frei zwischen Vorlagen oder benutzerdefinierten Programmen zu wechseln und so den Arbeitsablauf zu vereinfachen.<\/p>\n<p>[\/et_pb_slide][et_pb_slide heading=&#8220;Dezentralisierung&#8220; image=&#8220;https:\/\/haitiansmart.com\/wp-content\/uploads\/sites\/6\/2026\/03\/Decabinetization_1040x640.png.jpg&#8220; use_bg_overlay=&#8220;off&#8220; use_text_overlay=&#8220;off&#8220; _builder_version=&#8220;4.27.4&#8243; _module_preset=&#8220;default&#8220; header_level=&#8220;h4&#8243; background_enable_color=&#8220;off&#8220; background_enable_image=&#8220;off&#8220; background_layout=&#8220;light&#8220; global_colors_info=&#8220;{}&#8220; sticky_transition=&#8220;on&#8220;]<\/p>\n<p>Das integrierte Design der Antriebssteuerung reduziert die Gr\u00f6\u00dfe des elektrischen Schaltschranks um 91,79%, was den Arbeitszyklus des Benutzers deutlich verringert. Dies erm\u00f6glicht einen effizienteren Informationsaustausch und eine bessere Echtzeitsteuerung. <\/p>\n<p>[\/et_pb_slide][\/et_pb_slider][\/et_pb_column][\/et_pb_row][\/et_pb_section][et_pb_section fb_built=&#8220;1&#8243; module_class=&#8220;noPadding-top&#8220; _builder_version=&#8220;4.27.4&#8243; _module_preset=&#8220;default&#8220; custom_padding=&#8220;||7px|||&#8220; global_colors_info=&#8220;{}&#8220;][et_pb_row _builder_version=&#8220;4.23.1&#8243; _module_preset=&#8220;default&#8220; global_colors_info=&#8220;{}&#8220;][et_pb_column type=&#8220;4_4&#8243; _builder_version=&#8220;4.23.1&#8243; _module_preset=&#8220;default&#8220; global_colors_info=&#8220;{}&#8220;][et_pb_image src=&#8220;https:\/\/haitiansmart.com\/wp-content\/uploads\/sites\/6\/2025\/01\/G-Vignetten-Smart-50px.png&#8220; title_text=&#8220;G Vignetten Smart 50px&#8220; module_class=&#8220;product-icon&#8220; _builder_version=&#8220;4.27.4&#8243; _module_preset=&#8220;default&#8220; global_colors_info=&#8220;{}&#8220;][\/et_pb_image][et_pb_text _builder_version=&#8220;4.27.4&#8243; _module_preset=&#8220;default&#8220; header_text_align=&#8220;center&#8220; text_orientation=&#8220;center&#8220; global_colors_info=&#8220;{}&#8220;]<\/p>\n<h3>Versionen der GA-Serie<\/h3>\n<p>[\/et_pb_text][\/et_pb_column][\/et_pb_row][\/et_pb_section][et_pb_section fb_built=&#8220;1&#8243; admin_label=&#8220;Section Image-Text-Box-light&#8220; module_class=&#8220;section-text-image-box noPadding-top noPadding-bottom&#8220; _builder_version=&#8220;4.27.4&#8243; _module_preset=&#8220;default&#8220; locked=&#8220;off&#8220; global_colors_info=&#8220;{}&#8220;][\/et_pb_section][et_pb_section fb_built=&#8220;1&#8243; admin_label=&#8220;Section Text-Image-Box-light&#8220; module_class=&#8220;section-text-image-box noPadding-bottom noPadding-top&#8220; _builder_version=&#8220;4.27.4&#8243; _module_preset=&#8220;default&#8220; background_enable_color=&#8220;off&#8220; background_enable_image=&#8220;off&#8220; custom_margin=&#8220;||||false&#8220; locked=&#8220;off&#8220; global_colors_info=&#8220;{}&#8220;][et_pb_row column_structure=&#8220;1_2,1_2&#8243; make_equal=&#8220;on&#8220; module_class=&#8220;icon-mirror-right line-2D&#8220; _builder_version=&#8220;4.27.4&#8243; _module_preset=&#8220;default&#8220; custom_padding=&#8220;0px||0px||true|false&#8220; global_colors_info=&#8220;{}&#8220;][et_pb_column type=&#8220;1_2&#8243; _builder_version=&#8220;4.27.4&#8243; _module_preset=&#8220;default&#8220; background_image=&#8220;https:\/\/haitiansmart.com\/wp-content\/uploads\/sites\/6\/2025\/12\/GASEii-1.png&#8220; background_size=&#8220;contain&#8220; global_colors_info=&#8220;{}&#8220;][\/et_pb_column][et_pb_column type=&#8220;1_2&#8243; _builder_version=&#8220;4.27.0&#8243; _module_preset=&#8220;default&#8220; background_enable_color=&#8220;off&#8220; global_colors_info=&#8220;{}&#8220;][et_pb_text admin_label=&#8220;Headline&#8220; _builder_version=&#8220;4.27.4&#8243; _module_preset=&#8220;default&#8220; custom_margin=&#8220;||35px|||&#8220; locked=&#8220;off&#8220; global_colors_info=&#8220;{}&#8220;]<\/p>\n<h4 class=\"p1\">GA-SEII<\/h4>\n<p>[\/et_pb_text][et_pb_text admin_label=&#8220;Content&#8220; _builder_version=&#8220;4.27.4&#8243; _module_preset=&#8220;default&#8220; locked=&#8220;off&#8220; global_colors_info=&#8220;{}&#8220;]<\/p>\n<p>Die GA-SEII Serie, unser neues Economy-Performance-Fahrwerkmodell, zeichnet sich durch hochwertige Spezifikationen, niedrige Kosten und robuste Leistung aus. Sie passt sich nahtlos an unterschiedliche Arbeitsbedingungen an und zeichnet sich durch eine Vielzahl von Materialtransport-Szenarien aus. <\/p>\n<p>&nbsp;<\/p>\n<ul>\n<li>Eine bahnbrechende, minimalistische Designsprache mit vollst\u00e4ndig verdeckten Kabelb\u00e4umen und einer brandneuen Endkappe.<\/li>\n<li>Verbessern Sie den Schutz der Hauptkomponenten des Rumpfes.<\/li>\n<li>Integration von Steuerung und Antrieb f\u00fcr einfachere Wartung und Platzersparnis.<\/li>\n<li>Modulares Design, f\u00fcr die Wartung muss nur das entsprechende Modul ausgetauscht werden, Demontage und Installation sind einfacher.<\/li>\n<li>Ausgestattet mit Haitian&#8217;s eigenem Steuerungssystem, 8-Zoll-Farb-Touchscreen.<\/li>\n<\/ul>\n<p>[\/et_pb_text][\/et_pb_column][\/et_pb_row][et_pb_row column_structure=&#8220;1_2,1_2&#8243; use_custom_gutter=&#8220;on&#8220; make_equal=&#8220;on&#8220; module_class=&#8220;icon-mirror-left&#8220; _builder_version=&#8220;4.27.4&#8243; _module_preset=&#8220;default&#8220; background_enable_color=&#8220;off&#8220; custom_padding=&#8220;0px||0px||true|false&#8220; global_colors_info=&#8220;{}&#8220;][et_pb_column type=&#8220;1_2&#8243; _builder_version=&#8220;4.27.0&#8243; _module_preset=&#8220;default&#8220; background_enable_color=&#8220;off&#8220; global_colors_info=&#8220;{}&#8220;][et_pb_text admin_label=&#8220;Headline&#8220; _builder_version=&#8220;4.27.4&#8243; _module_preset=&#8220;default&#8220; global_colors_info=&#8220;{}&#8220;]<\/p>\n<h4>GA-SE<\/h4>\n<p>[\/et_pb_text][et_pb_text admin_label=&#8220;Content&#8220; _builder_version=&#8220;4.27.4&#8243; _module_preset=&#8220;default&#8220; locked=&#8220;off&#8220; global_colors_info=&#8220;{}&#8220;]<\/p>\n<p>Die GA-SE Serie, ein vollst\u00e4ndig servogesteuerter, f\u00fcnfachsiger H\u00e4ngemanipulator, eignet sich ideal f\u00fcr Szenarien, in denen sowohl Material als auch fertige Produkte gleichzeitig entnommen werden m\u00fcssen.<\/p>\n<p>&nbsp;<\/p>\n<ul>\n<li>\n<p>Die Maschine hat eine h\u00e4ngende Struktur, eine stabile Struktur und eine hohe Kostenleistung.<\/p>\n<\/li>\n<li>\n<p>Geeignet f\u00fcr Zwei-Platten-Formen, Drei-Platten-Formen und andere Arten von Formen, anwendbar auf kleine und mittelgro\u00dfe Spritzgie\u00dfmaschinen.<\/p>\n<\/li>\n<li>\n<p>Ausgestattet mit Haitian&#8217;s eigenem Steuerungssystem, 7-Zoll-Farb-Touchscreen.<\/p>\n<\/li>\n<li>\n<p>Servomotor oder Zylinderantrieb, mit hochpr\u00e4ziser Linearf\u00fchrung, hochfester Zahnstange, importiertem Stahldrahtband f\u00fcr die \u00dcbertragung. <\/p>\n<\/li>\n<\/ul>\n<p>[\/et_pb_text][\/et_pb_column][et_pb_column type=&#8220;1_2&#8243; _builder_version=&#8220;4.27.4&#8243; _module_preset=&#8220;default&#8220; background_image=&#8220;https:\/\/haitiansmart.com\/wp-content\/uploads\/sites\/6\/2025\/12\/GA-SE-1.png&#8220; background_size=&#8220;contain&#8220; global_colors_info=&#8220;{}&#8220;][\/et_pb_column][\/et_pb_row][\/et_pb_section][et_pb_section fb_built=&#8220;1&#8243; module_class=&#8220;section-contactRegion-text &#8220; _builder_version=&#8220;4.25.2&#8243; _module_preset=&#8220;default&#8220; global_colors_info=&#8220;{}&#8220;][et_pb_row column_structure=&#8220;1_2,1_2&#8243; make_equal=&#8220;on&#8220; module_class=&#8220;light&#8220; _builder_version=&#8220;4.25.2&#8243; _module_preset=&#8220;default&#8220; global_colors_info=&#8220;{}&#8220;][et_pb_column type=&#8220;1_2&#8243; _builder_version=&#8220;4.25.2&#8243; _module_preset=&#8220;default&#8220; global_colors_info=&#8220;{}&#8220;][et_pb_text _builder_version=&#8220;4.27.4&#8243; _module_preset=&#8220;default&#8220; text_text_color=&#8220;#000000&#8243; header_text_color=&#8220;#000000&#8243; header_3_text_color=&#8220;#000000&#8243; global_colors_info=&#8220;{}&#8220;]<\/p>\n<h3>Ansprechpartner<\/h3>\n<p>[\/et_pb_text][et_pb_text _builder_version=&#8220;4.23.1&#8243; _module_preset=&#8220;default&#8220; global_colors_info=&#8220;{}&#8220;]<\/p>\n<p><span>Egal in welcher Region Sie sich befinden \u2013 unsere regionalen Vertriebs- &amp; Servicepartner stehen Ihnen f\u00fcr alle Fragen zur Verf\u00fcgung. <\/span><\/p>\n<p>[\/et_pb_text][\/et_pb_column][et_pb_column type=&#8220;1_2&#8243; _builder_version=&#8220;4.25.2&#8243; _module_preset=&#8220;default&#8220; global_colors_info=&#8220;{}&#8220;][et_pb_button button_url=&#8220;https:\/\/eu.haitianinter.com\/contact-overview\/&#8220; url_new_window=&#8220;on&#8220; button_text=&#8220;zum Kontakt&#8220; button_alignment=&#8220;center&#8220; _builder_version=&#8220;4.27.4&#8243; _module_preset=&#8220;default&#8220; background_layout=&#8220;dark&#8220; global_colors_info=&#8220;{}&#8220;][\/et_pb_button][\/et_pb_column][\/et_pb_row][\/et_pb_section]<\/p>\n","protected":false},"excerpt":{"rendered":"<p>Die Grat-Serie, die extrem kosteng\u00fcnstig istGA-SerieDie GA-Serie deckt mit ihrem ausgezeichneten Preis-Leistungs-Verh\u00e4ltnis alle Grundlagen ab und ist f\u00fcr alle Anwendungsszenarien geeignet.\u00b1 0,1 mm1.2 &#8211; 5.9 s4 &#8211; 40 kgH\u00f6hepunkteDas von uns entwickelte Steuerungssystem l\u00e4sst sich nahtlos in die Steuerungen der Spritzgie\u00dfmaschinen integrieren und bietet eine benutzerfreundliche Bedienung.Schaffen Sie eine maschinenseitige Automatisierungsumgebung f\u00fcr eine effiziente Ressourcenzuweisung.Flexible [&hellip;]<\/p>\n","protected":false},"author":3,"featured_media":0,"parent":0,"menu_order":0,"comment_status":"closed","ping_status":"closed","template":"","meta":{"_et_pb_use_builder":"on","_et_pb_old_content":"","_et_gb_content_width":"","footnotes":""},"class_list":["post-3055","page","type-page","status-publish","hentry"],"yoast_head":"<!-- This site is optimized with the Yoast SEO plugin v27.2 - https:\/\/yoast.com\/product\/yoast-seo-wordpress\/ -->\n<title>GA-Serie - H\u00e4ngende Ausf\u00fchrung - Haitian Smart Solutions<\/title>\n<meta name=\"robots\" content=\"index, follow, max-snippet:-1, max-image-preview:large, max-video-preview:-1\" \/>\n<link rel=\"canonical\" href=\"https:\/\/haitiansmart.com\/de\/ga-series-suspended-type\/\" \/>\n<meta property=\"og:locale\" content=\"de_DE\" \/>\n<meta property=\"og:type\" content=\"article\" \/>\n<meta property=\"og:title\" content=\"GA-Serie - H\u00e4ngende Ausf\u00fchrung - Haitian Smart Solutions\" \/>\n<meta property=\"og:description\" content=\"Die Grat-Serie, die extrem kosteng\u00fcnstig istGA-SerieDie GA-Serie deckt mit ihrem ausgezeichneten Preis-Leistungs-Verh\u00e4ltnis alle Grundlagen ab und ist f\u00fcr alle Anwendungsszenarien geeignet.\u00b1 0,1 mm1.2 - 5.9 s4 - 40 kgH\u00f6hepunkteDas von uns entwickelte Steuerungssystem l\u00e4sst sich nahtlos in die Steuerungen der Spritzgie\u00dfmaschinen integrieren und bietet eine benutzerfreundliche Bedienung.Schaffen Sie eine maschinenseitige Automatisierungsumgebung f\u00fcr eine effiziente Ressourcenzuweisung.Flexible [&hellip;]\" \/>\n<meta property=\"og:url\" content=\"https:\/\/haitiansmart.com\/de\/ga-series-suspended-type\/\" \/>\n<meta property=\"og:site_name\" content=\"Haitian Smart Solutions\" \/>\n<meta property=\"article:modified_time\" content=\"2026-03-05T13:18:11+00:00\" \/>\n<meta name=\"twitter:card\" content=\"summary_large_image\" \/>\n<meta name=\"twitter:label1\" content=\"Gesch\u00e4tzte Lesezeit\" \/>\n\t<meta name=\"twitter:data1\" content=\"4\u00a0Minuten\" \/>\n<script type=\"application\/ld+json\" class=\"yoast-schema-graph\">{\"@context\":\"https:\/\/schema.org\",\"@graph\":[{\"@type\":\"WebPage\",\"@id\":\"https:\/\/haitiansmart.com\/de\/ga-series-suspended-type\/\",\"url\":\"https:\/\/haitiansmart.com\/de\/ga-series-suspended-type\/\",\"name\":\"GA-Serie - H\u00e4ngende Ausf\u00fchrung - Haitian Smart Solutions\",\"isPartOf\":{\"@id\":\"https:\/\/haitiansmart.com\/de\/#website\"},\"datePublished\":\"2024-12-09T09:18:52+00:00\",\"dateModified\":\"2026-03-05T13:18:11+00:00\",\"breadcrumb\":{\"@id\":\"https:\/\/haitiansmart.com\/de\/ga-series-suspended-type\/#breadcrumb\"},\"inLanguage\":\"de\",\"potentialAction\":[{\"@type\":\"ReadAction\",\"target\":[\"https:\/\/haitiansmart.com\/de\/ga-series-suspended-type\/\"]}]},{\"@type\":\"BreadcrumbList\",\"@id\":\"https:\/\/haitiansmart.com\/de\/ga-series-suspended-type\/#breadcrumb\",\"itemListElement\":[{\"@type\":\"ListItem\",\"position\":1,\"name\":\"Home\",\"item\":\"https:\/\/haitiansmart.com\/de\/\"},{\"@type\":\"ListItem\",\"position\":2,\"name\":\"GA-Serie &#8211; H\u00e4ngende Ausf\u00fchrung\"}]},{\"@type\":\"WebSite\",\"@id\":\"https:\/\/haitiansmart.com\/de\/#website\",\"url\":\"https:\/\/haitiansmart.com\/de\/\",\"name\":\"Haitian Smart Solutions\",\"description\":\"\",\"potentialAction\":[{\"@type\":\"SearchAction\",\"target\":{\"@type\":\"EntryPoint\",\"urlTemplate\":\"https:\/\/haitiansmart.com\/de\/?s={search_term_string}\"},\"query-input\":{\"@type\":\"PropertyValueSpecification\",\"valueRequired\":true,\"valueName\":\"search_term_string\"}}],\"inLanguage\":\"de\"}]}<\/script>\n<!-- \/ Yoast SEO plugin. -->","yoast_head_json":{"title":"GA-Serie - H\u00e4ngende Ausf\u00fchrung - Haitian Smart Solutions","robots":{"index":"index","follow":"follow","max-snippet":"max-snippet:-1","max-image-preview":"max-image-preview:large","max-video-preview":"max-video-preview:-1"},"canonical":"https:\/\/haitiansmart.com\/de\/ga-series-suspended-type\/","og_locale":"de_DE","og_type":"article","og_title":"GA-Serie - H\u00e4ngende Ausf\u00fchrung - Haitian Smart Solutions","og_description":"Die Grat-Serie, die extrem kosteng\u00fcnstig istGA-SerieDie GA-Serie deckt mit ihrem ausgezeichneten Preis-Leistungs-Verh\u00e4ltnis alle Grundlagen ab und ist f\u00fcr alle Anwendungsszenarien geeignet.\u00b1 0,1 mm1.2 - 5.9 s4 - 40 kgH\u00f6hepunkteDas von uns entwickelte Steuerungssystem l\u00e4sst sich nahtlos in die Steuerungen der Spritzgie\u00dfmaschinen integrieren und bietet eine benutzerfreundliche Bedienung.Schaffen Sie eine maschinenseitige Automatisierungsumgebung f\u00fcr eine effiziente Ressourcenzuweisung.Flexible [&hellip;]","og_url":"https:\/\/haitiansmart.com\/de\/ga-series-suspended-type\/","og_site_name":"Haitian Smart Solutions","article_modified_time":"2026-03-05T13:18:11+00:00","twitter_card":"summary_large_image","twitter_misc":{"Gesch\u00e4tzte Lesezeit":"4\u00a0Minuten"},"schema":{"@context":"https:\/\/schema.org","@graph":[{"@type":"WebPage","@id":"https:\/\/haitiansmart.com\/de\/ga-series-suspended-type\/","url":"https:\/\/haitiansmart.com\/de\/ga-series-suspended-type\/","name":"GA-Serie - H\u00e4ngende Ausf\u00fchrung - Haitian Smart Solutions","isPartOf":{"@id":"https:\/\/haitiansmart.com\/de\/#website"},"datePublished":"2024-12-09T09:18:52+00:00","dateModified":"2026-03-05T13:18:11+00:00","breadcrumb":{"@id":"https:\/\/haitiansmart.com\/de\/ga-series-suspended-type\/#breadcrumb"},"inLanguage":"de","potentialAction":[{"@type":"ReadAction","target":["https:\/\/haitiansmart.com\/de\/ga-series-suspended-type\/"]}]},{"@type":"BreadcrumbList","@id":"https:\/\/haitiansmart.com\/de\/ga-series-suspended-type\/#breadcrumb","itemListElement":[{"@type":"ListItem","position":1,"name":"Home","item":"https:\/\/haitiansmart.com\/de\/"},{"@type":"ListItem","position":2,"name":"GA-Serie &#8211; H\u00e4ngende Ausf\u00fchrung"}]},{"@type":"WebSite","@id":"https:\/\/haitiansmart.com\/de\/#website","url":"https:\/\/haitiansmart.com\/de\/","name":"Haitian Smart Solutions","description":"","potentialAction":[{"@type":"SearchAction","target":{"@type":"EntryPoint","urlTemplate":"https:\/\/haitiansmart.com\/de\/?s={search_term_string}"},"query-input":{"@type":"PropertyValueSpecification","valueRequired":true,"valueName":"search_term_string"}}],"inLanguage":"de"}]}},"_links":{"self":[{"href":"https:\/\/haitiansmart.com\/de\/wp-json\/wp\/v2\/pages\/3055","targetHints":{"allow":["GET"]}}],"collection":[{"href":"https:\/\/haitiansmart.com\/de\/wp-json\/wp\/v2\/pages"}],"about":[{"href":"https:\/\/haitiansmart.com\/de\/wp-json\/wp\/v2\/types\/page"}],"author":[{"embeddable":true,"href":"https:\/\/haitiansmart.com\/de\/wp-json\/wp\/v2\/users\/3"}],"replies":[{"embeddable":true,"href":"https:\/\/haitiansmart.com\/de\/wp-json\/wp\/v2\/comments?post=3055"}],"version-history":[{"count":8,"href":"https:\/\/haitiansmart.com\/de\/wp-json\/wp\/v2\/pages\/3055\/revisions"}],"predecessor-version":[{"id":3103,"href":"https:\/\/haitiansmart.com\/de\/wp-json\/wp\/v2\/pages\/3055\/revisions\/3103"}],"wp:attachment":[{"href":"https:\/\/haitiansmart.com\/de\/wp-json\/wp\/v2\/media?parent=3055"}],"curies":[{"name":"wp","href":"https:\/\/api.w.org\/{rel}","templated":true}]}}